{"id":201,"date":"2020-09-18T17:32:51","date_gmt":"2020-09-18T15:32:51","guid":{"rendered":"https:\/\/wp.hukki.com\/?page_id=201"},"modified":"2022-09-22T15:42:42","modified_gmt":"2022-09-22T13:42:42","slug":"karriere","status":"publish","type":"page","link":"https:\/\/hukki.de\/en\/jobs\/","title":{"rendered":"HUKKI I Sausage and Salami Casings I Jobs"},"content":{"rendered":"<h1>Karriere<\/h1>\n<p>Huckfeldt &amp; Thorlichen GmbH und Co KG bietet als mittelst\u00e4ndischer Betrieb vor den Toren Hamburgs eine pers\u00f6nliche Unternehmenskultur. HUKKI ist seinen Mitarbeitern ein loyaler und verl\u00e4sslicher Arbeitgeber. Wir freuen uns \u00fcber Menschen, die mit Leidenschaft und Freude ihrer T\u00e4tigkeit nachgehen. Die Zukunft unserer Mitarbeiter liegt uns am Herzen. Entwicklung und Wachstum ist unser gemeinsames Ziel. Qualit\u00e4t h\u00f6chster G\u00fcte ist unser Anspruch in einer kompetitiven Branche. Daf\u00fcr steht HUKKI. Finden Sie sich hier wieder? Dann bewerben Sie sich gern. Bei uns k\u00f6nnen Sie mit Eigenverantwortlichkeit und Teamgeist Ihren Weg f\u00fcr eine erfolgreiche Karriere starten.<\/p>\n<p>Ist momentan keine freie Stelle ausgeschrieben oder entsprechen diese M\u00f6glichkeiten nicht Ihrem Berufsprofil, k\u00f6nnen Sie gerne eine Initiativbewerbung einreichen. Wir freuen uns \u00fcber Ihr Interesse.<\/p>\n","protected":false},"excerpt":{"rendered":"<p>Karriere Huckfeldt &amp; Thorlichen GmbH und Co KG bietet als mittelst\u00e4ndischer Betrieb vor den Toren Hamburgs eine pers\u00f6nliche Unternehmenskultur. HUKKI ist seinen Mitarbeitern ein loyaler und verl\u00e4sslicher Arbeitgeber. Wir freuen uns \u00fcber Menschen, die mit Leidenschaft und Freude ihrer T\u00e4tigkeit nachgehen. Die Zukunft unserer Mitarbeiter liegt uns am Herzen. Entwicklung und Wachstum ist unser gemeinsames &hellip; <\/p>\n<p class=\"link-more\"><a href=\"https:\/\/hukki.de\/en\/jobs\/\" class=\"more-link\">Continue reading<span class=\"screen-reader-text\"> &#8220;HUKKI I Sausage and Salami Casings I Jobs&#8221;<\/span><\/a><\/p>\n","protected":false},"author":10,"featured_media":0,"parent":0,"menu_order":0,"comment_status":"closed","ping_status":"closed","template":"elementor_header_footer","meta":{"_acf_changed":false,"footnotes":""},"class_list":["post-201","page","type-page","status-publish","hentry","entry"],"translation":{"provider":"WPGlobus","version":"3.0.2","language":"en","enabled_languages":["de","en"],"languages":{"de":{"title":true,"content":true,"excerpt":false},"en":{"title":true,"content":true,"excerpt":false}}},"acf":[],"_links":{"self":[{"href":"https:\/\/hukki.de\/en\/wp-json\/wp\/v2\/pages\/201","targetHints":{"allow":["GET"]}}],"collection":[{"href":"https:\/\/hukki.de\/en\/wp-json\/wp\/v2\/pages"}],"about":[{"href":"https:\/\/hukki.de\/en\/wp-json\/wp\/v2\/types\/page"}],"author":[{"embeddable":true,"href":"https:\/\/hukki.de\/en\/wp-json\/wp\/v2\/users\/10"}],"replies":[{"embeddable":true,"href":"https:\/\/hukki.de\/en\/wp-json\/wp\/v2\/comments?post=201"}],"version-history":[{"count":153,"href":"https:\/\/hukki.de\/en\/wp-json\/wp\/v2\/pages\/201\/revisions"}],"predecessor-version":[{"id":7152,"href":"https:\/\/hukki.de\/en\/wp-json\/wp\/v2\/pages\/201\/revisions\/7152"}],"wp:attachment":[{"href":"https:\/\/hukki.de\/en\/wp-json\/wp\/v2\/media?parent=201"}],"curies":[{"name":"wp","href":"https:\/\/api.w.org\/{rel}","templated":true}]}}