{"id":64,"date":"2020-09-08T13:40:17","date_gmt":"2020-09-08T11:40:17","guid":{"rendered":"http:\/\/wp.hukki.com\/?page_id=64"},"modified":"2024-04-03T20:06:34","modified_gmt":"2024-04-03T18:06:34","slug":"impressum","status":"publish","type":"page","link":"https:\/\/hukki.de\/en\/imprint\/","title":{"rendered":"HUKKI I Sausage and Salami Casings I Imprint"},"content":{"rendered":"<article>\n<h2>Imprint<\/h2>\n<p>Anschrift:<br \/>\nHuckfeldt &amp; Thorlichen GmbH &amp; Co. KG<br \/>\nBasshorn 11<br \/>\nD-25436 Tornesch<br \/>\nTel.: 04122 \/ 9571 \u2013 0<br \/>\nFax: 04122 \/ 9571 \u2013 95<br \/>\nEmail: hukki@hukki.eu<\/p>\n<p>Postanschrift:<br \/>\nHuckfeldt &amp; Thorlichen GmbH &amp; Co. KG<br \/>\nPostfach 2141<br \/>\nD-25437 Tornesch<\/p>\n<p>Gesch\u00e4ftsf\u00fchrer:<br \/>\nStefan D\u00e4lken<\/p>\n<p>Bankverbindung:<br \/>\nSparkasse Mittelholstein AG<br \/>\nBLZ 214 500 00<br \/>\nKto.-Nr. 341 33 33<\/p>\n<p>Registergericht<br \/>\nAmtsgericht Pinneberg<br \/>\nHRA 562 EL<\/p>\n<p>Sitz der Kommanditgesellschaft:<br \/>\nUetersen<\/p>\n<p>USt.-ID-Nr.: DE134523035<\/p>\n<p>Alle Angaben zu unserem Internetangebot wurden sorgf\u00e4ltig gepr\u00fcft.<br \/>\nWir sind bestrebt diese Informationen laufend zu aktualisieren.<br \/>\nEine Garantie f\u00fcr die Vollst\u00e4ndigkeit, Richtigkeit und Aktualit\u00e4t besteht nicht.<\/p>\n<p>\u00a9 Copyright 2015<br \/>\nHuckfeldt &amp; Thorlichen GmbH &amp; Co. KG<\/p>\n<p>Haftungsausschluss<\/p>\n<p>1. Inhalt des Onlineangebotes<\/p>\n<p>Huckfeldt &amp; Thorlichen GmbH &amp; Co. KG \u00fcbernimmt keinerlei Gew\u00e4hr f\u00fcr die Aktualit\u00e4t, Korrektheit, Vollst\u00e4ndigkeit oder Qualit\u00e4t der bereitgestellten Informationen. Haftungsanspr\u00fcche gegen den Autor, welche sich auf Sch\u00e4den materieller oder ideeller Art beziehen, die durch die Nutzung oder Nichtnutzung der dargebotenen Informationen bzw. durch die Nutzung fehlerhafter und unvollst\u00e4ndiger Informationen verursacht wurden, sind grunds\u00e4tzlich ausgeschlossen, sofern seitens Huckfeldt &amp; Thorlichen GmbH &amp; Co. KG kein nachweislich vors\u00e4tzliches oder grob fahrl\u00e4ssiges Verschulden vorliegt.<br \/>\nAlle Angebote sind freibleibend und unverbindlich. Huckfeldt &amp; Thorlichen GmbH &amp; Co. KG beh\u00e4lt es sich ausdr\u00fccklich vor, Teile der Seiten oder das gesamte Angebot ohne gesonderte Ank\u00fcndigung zu ver\u00e4ndern, zu erg\u00e4nzen, zu l\u00f6schen oder die Ver\u00f6ffentlichung zeitweise oder endg\u00fcltig einzustellen<\/p>\n<p>2. Verweise und Links<\/p>\n<p>Bei direkten oder indirekten Verweisen auf fremde Webseiten (&#8220;Hyperlinks&#8221;), die au\u00dferhalb des Verantwortungsbereiches von Huckfeldt &amp; Thorlichen GmbH &amp; Co. KG liegen, w\u00fcrde eine Haftungsverpflichtung ausschlie\u00dflich in dem Fall in Kraft treten, in dem Huckfeldt &amp; Thorlichen GmbH &amp; Co. KG von den Inhalten Kenntnis hat und es ihr technisch m\u00f6glich und zumutbar w\u00e4re, die Nutzung im Falle rechtswidriger Inhalte zu verhindern.<br \/>\nHuckfeldt &amp; Thorlichen GmbH &amp; Co. KG erkl\u00e4rt hiermit ausdr\u00fccklich, dass zum Zeitpunkt der Linksetzung keine illegalen Inhalte auf den zu verlinkenden Seiten erkennbar waren. Auf die aktuelle und zuk\u00fcnftige Gestaltung, die Inhalte oder die Urheberschaft der gelinkten\/verkn\u00fcpften Seiten hat Huckfeldt &amp; Thorlichen GmbH &amp; Co. KG keinerlei Einfluss. Deshalb distanziert Huckfeldt &amp; Thorlichen GmbH &amp; Co. KG sich hiermit ausdr\u00fccklich von allen Inhalten aller gelinkten \/verkn\u00fcpften Seiten, die nach der Linksetzung ver\u00e4ndert wurden. Diese Feststellung gilt f\u00fcr alle innerhalb des eigenen Internetangebotes gesetzten Links und Verweise sowie f\u00fcr Fremdeintr\u00e4ge in von Huckfeldt &amp; Thorlichen GmbH &amp; Co. KG eingerichteten G\u00e4steb\u00fcchern, Diskussionsforen und Mailinglisten. F\u00fcr illegale, fehlerhafte oder unvollst\u00e4ndige Inhalte und insbesondere f\u00fcr Sch\u00e4den, die aus der Nutzung oder Nichtnutzung solcherart dargebotener Informationen entstehen, haftet allein der Anbieter der Seite, auf welche verwiesen wurde, nicht derjenige, der \u00fcber Links auf die jeweilige Ver\u00f6ffentlichung lediglich verweist.<\/p>\n<p>3. Urheber- und Kennzeichenrecht<\/p>\n<p>Huckfeldt &amp; Thorlichen GmbH &amp; Co. KG ist bestrebt, in allen Publikationen die Urheberrechte der verwendeten Grafiken, Tondokumente, Videosequenzen und Texte zu beachten, von ihm selbst erstellte Grafiken, Tondokumente, Videosequenzen und Texte zu nutzen oder auf lizenzfreie Grafiken, Tondokumente, Videosequenzen und Texte zur\u00fcckzugreifen.<br \/>\nAlle innerhalb des Internetangebotes genannten und ggf. durch Dritte gesch\u00fctzten Marken- und Warenzeichen unterliegen uneingeschr\u00e4nkt den Bestimmungen des jeweils g\u00fcltigen Kennzeichenrechts und den Besitzrechten der jeweiligen eingetragenen Eigent\u00fcmer. Allein aufgrund der blo\u00dfen Nennung ist nicht der Schluss zu ziehen, dass Markenzeichen nicht durch Rechte Dritter gesch\u00fctzt sind!<br \/>\nDas Copyright f\u00fcr ver\u00f6ffentlichte, von Huckfeldt &amp; Thorlichen GmbH &amp; Co. KG selbst erstellte Objekte bleibt allein beim Autor der Seiten. Eine Vervielf\u00e4ltigung oder Verwendung solcher Grafiken, Tondokumente, Videosequenzen und Texte in anderen elektronischen oder gedruckten Publikationen ist ohne ausdr\u00fcckliche Zustimmung von Huckfeldt &amp; Thorlichen GmbH &amp; Co. KG nicht gestattet.<\/p>\n<p>4. Datenschutz<\/p>\n<p>Sofern innerhalb des Internetangebotes die M\u00f6glichkeit zur Eingabe pers\u00f6nlicher oder gesch\u00e4ftlicher Daten (Emailadressen, Namen, Anschriften) besteht, so erfolgt die Preisgabe dieser Daten seitens des Nutzers auf ausdr\u00fccklich freiwilliger Basis. Die Inanspruchnahme und Bezahlung aller angebotenen Dienste ist &#8211; soweit technisch m\u00f6glich und zumutbar &#8211; auch ohne Angabe solcher Daten bzw. unter Angabe anonymisierter Daten oder eines Pseudonyms gestattet. Die Nutzung der im Rahmen des Impressums oder vergleichbarer Angaben ver\u00f6ffentlichten Kontaktdaten wie Postanschriften, Telefon- und Faxnummern sowie Emailadressen durch Dritte zur \u00dcbersendung von nicht ausdr\u00fccklich angeforderten Informationen ist nicht gestattet. Rechtliche Schritte gegen die Versender von sogenannten Spam-Mails bei Verst\u00f6ssen gegen dieses Verbot sind ausdr\u00fccklich vorbehalten.<\/p>\n<p>Huckfeldt &amp; Thorlichen GmbH &amp; Co. KG ist sich dar\u00fcber bewusst, dass Ihnen der Schutz Ihrer Privatsph\u00e4re bei der Benutzung unserer Websites ein wichtiges Anliegen ist. Wir nehmen den Schutz Ihrer pers\u00f6nlichen Daten sehr ernst. Deshalb m\u00f6chten wir, dass Sie wissen, wann wir welche Daten speichern und wie wir sie verwenden. Wir m\u00f6chten Sie deshalb mit dieser Datenschutzerkl\u00e4rung \u00fcber unsere Ma\u00dfnahmen zum Datenschutz in Kenntnis setzen.<\/p>\n<p>Personenbezogene Daten werden nur dann erhoben, wenn Sie uns diese von sich aus z. B. im Rahmen einer Registrierung, durch das Ausf\u00fcllen von Formularen oder das Versenden von E-Mails, im Rahmen der Bestellung von Produkten oder Dienstleistungen, Anfragen oder Anforderung von Material zur Verf\u00fcgung stellen.<br \/>\nDie Datenbank und ihre Inhalte bleiben bei unserem Unternehmen und unserem Provider. Ihre pers\u00f6nlichen Daten werden in keiner Form von uns oder von uns beauftragten Personen Dritten zur Verf\u00fcgung gestellt, es sei denn, dass hierzu Ihr Einverst\u00e4ndnis oder eine beh\u00f6rdliche Anordnung vorliegt.<\/p>\n<p>Die von Ihnen erfassten pers\u00f6nlichen Daten werden wir nur dazu verwenden, Ihnen die gew\u00fcnschten Produkte oder Dienstleistungen bereitzustellen, oder aber zu anderen Zwecken, f\u00fcr die Sie Ihre Einwilligung erteilt haben, sofern keine anderslautenden gesetzlichen Verpflichtungen bestehen.<\/p>\n<p>5. Rechtswirksamkeit dieses Haftungsausschlusses<\/p>\n<p>Dieser Haftungsausschluss ist als Teil des Internetangebotes zu betrachten, von dem aus auf diese Seite verwiesen wurde. Sofern Teile oder einzelne Formulierungen dieses Textes der geltenden Rechtslage nicht, nicht mehr oder nicht vollst\u00e4ndig entsprechen sollten, bleiben die \u00fcbrigen Teile des Dokumentes in ihrem Inhalt und ihrer G\u00fcltigkeit davon unber\u00fchrt.<\/p>\n<\/article>\n","protected":false},"excerpt":{"rendered":"<p>Imprint Anschrift: Huckfeldt &amp; Thorlichen GmbH &amp; Co. KG Basshorn 11 D-25436 Tornesch Tel.: 04122 \/ 9571 \u2013 0 Fax: 04122 \/ 9571 \u2013 95 Email: hukki@hukki.eu Postanschrift: Huckfeldt &amp; Thorlichen GmbH &amp; Co. KG Postfach 2141 D-25437 Tornesch Gesch\u00e4ftsf\u00fchrer: Stefan D\u00e4lken Bankverbindung: Sparkasse Mittelholstein AG BLZ 214 500 00 Kto.-Nr. 341 33 33 Registergericht &hellip; <\/p>\n<p class=\"link-more\"><a href=\"https:\/\/hukki.de\/en\/imprint\/\" class=\"more-link\">Continue reading<span class=\"screen-reader-text\"> &#8220;HUKKI I Sausage and Salami Casings I Imprint&#8221;<\/span><\/a><\/p>\n","protected":false},"author":10,"featured_media":0,"parent":0,"menu_order":0,"comment_status":"closed","ping_status":"closed","template":"","meta":{"_acf_changed":false,"footnotes":""},"class_list":["post-64","page","type-page","status-publish","hentry","entry"],"translation":{"provider":"WPGlobus","version":"3.0.2","language":"en","enabled_languages":["de","en"],"languages":{"de":{"title":true,"content":true,"excerpt":false},"en":{"title":true,"content":true,"excerpt":false}}},"acf":[],"_links":{"self":[{"href":"https:\/\/hukki.de\/en\/wp-json\/wp\/v2\/pages\/64","targetHints":{"allow":["GET"]}}],"collection":[{"href":"https:\/\/hukki.de\/en\/wp-json\/wp\/v2\/pages"}],"about":[{"href":"https:\/\/hukki.de\/en\/wp-json\/wp\/v2\/types\/page"}],"author":[{"embeddable":true,"href":"https:\/\/hukki.de\/en\/wp-json\/wp\/v2\/users\/10"}],"replies":[{"embeddable":true,"href":"https:\/\/hukki.de\/en\/wp-json\/wp\/v2\/comments?post=64"}],"version-history":[{"count":109,"href":"https:\/\/hukki.de\/en\/wp-json\/wp\/v2\/pages\/64\/revisions"}],"predecessor-version":[{"id":7246,"href":"https:\/\/hukki.de\/en\/wp-json\/wp\/v2\/pages\/64\/revisions\/7246"}],"wp:attachment":[{"href":"https:\/\/hukki.de\/en\/wp-json\/wp\/v2\/media?parent=64"}],"curies":[{"name":"wp","href":"https:\/\/api.w.org\/{rel}","templated":true}]}}